{"id":129,"date":"2019-06-30T10:23:45","date_gmt":"2019-06-30T10:23:45","guid":{"rendered":"http:\/\/spjasienna.net.pl\/?page_id=129"},"modified":"2019-06-30T10:23:45","modified_gmt":"2019-06-30T10:23:45","slug":"projekty","status":"publish","type":"page","link":"https:\/\/spjasienna.stream\/?page_id=129","title":{"rendered":"Projekty"},"content":{"rendered":"<ul class=\"wp-block-latest-posts__list wp-block-latest-posts\"><li><a class=\"wp-block-latest-posts__post-title\" href=\"https:\/\/spjasienna.stream\/?p=825\">Rekrutacja Uczni\u00f3w i Nauczycieli do projektu pn. &#8222;Edukacja w szko\u0142ach prowadz\u0105cych kszta\u0142cenie og\u00f3lne na terenie Gmin Ziemi Gorlickiej&#8221;, wsp\u00f3\u0142finansowanego ze \u015brodk\u00f3w Unii Europejskiej z Europejskiego Funduszu Spo\u0142ecznego w ramach Regionalnego Programu Operacyjnego Wojew\u00f3dztwa Ma\u0142opolskiego na lata 2014-2020.<\/a><\/li>\n<\/ul>","protected":false},"excerpt":{"rendered":"","protected":false},"author":1,"featured_media":0,"parent":0,"menu_order":0,"comment_status":"closed","ping_status":"closed","template":"","meta":{"footnotes":""},"_links":{"self":[{"href":"https:\/\/spjasienna.stream\/index.php?rest_route=\/wp\/v2\/pages\/129"}],"collection":[{"href":"https:\/\/spjasienna.stream\/index.php?rest_route=\/wp\/v2\/pages"}],"about":[{"href":"https:\/\/spjasienna.stream\/index.php?rest_route=\/wp\/v2\/types\/page"}],"author":[{"embeddable":true,"href":"https:\/\/spjasienna.stream\/index.php?rest_route=\/wp\/v2\/users\/1"}],"replies":[{"embeddable":true,"href":"https:\/\/spjasienna.stream\/index.php?rest_route=%2Fwp%2Fv2%2Fcomments&post=129"}],"version-history":[{"count":1,"href":"https:\/\/spjasienna.stream\/index.php?rest_route=\/wp\/v2\/pages\/129\/revisions"}],"predecessor-version":[{"id":130,"href":"https:\/\/spjasienna.stream\/index.php?rest_route=\/wp\/v2\/pages\/129\/revisions\/130"}],"wp:attachment":[{"href":"https:\/\/spjasienna.stream\/index.php?rest_route=%2Fwp%2Fv2%2Fmedia&parent=129"}],"curies":[{"name":"wp","href":"https:\/\/api.w.org\/{rel}","templated":true}]}}