{"id":24,"date":"2019-02-02T18:09:21","date_gmt":"2019-02-02T18:09:21","guid":{"rendered":"http:\/\/spjasienna.net.pl\/?page_id=24"},"modified":"2019-05-23T17:05:35","modified_gmt":"2019-05-23T17:05:35","slug":"o-szkole","status":"publish","type":"page","link":"https:\/\/spjasienna.stream\/?page_id=24","title":{"rendered":"O szkole"},"content":{"rendered":"\n<p><\/p>\n\n\n\n<p> <br><strong>Zarys historii szkolnictwa w Jasiennej wed\u0142ug kronik .<\/strong><\/p>\n\n\n\n<p>Dzieje szkolnictwa w Jasiennej rozpoczynaj\u0105 si\u0119 od dnia <strong>13 sierpnia 1885<\/strong> roku kiedy to na pro\u015bb\u0119 mieszka\u0144c\u00f3w wsi Wysoka Rada Szkolna Krajowa wy\u0142\u0105czy\u0142a gmin\u0119 Jasienn\u0105 ze zwi\u0105zku szkolnego <br>w  Lipnicy Wielkiej i za\u0142o\u017cy\u0142a w Jasiennej szko\u0142\u0119 filialn\u0105. Dzieci uczy\u0142y  si\u0119 w\u00f3wczas w wynaj\u0119tym pomieszczeniu w domu Pana Marcina Michalika, a  pierwszym nauczycielem by\u0142 Pan Stanis\u0142aw Danek. <br>W tym samym roku  rozpocz\u0119to budow\u0119 szko\u0142y. Dzi\u0119ki ofiarno\u015bci mieszka\u0144c\u00f3w wsi i pomocy  finansowej Rady Szkolnej Powiatowej w Nowym S\u0105czu, jak r\u00f3wnie\u017c samego  cesarza, kt\u00f3ry \u0142askawie ofiarowa\u0142 100 z\u0142otych re\u0144skich, w ci\u0105gu dw\u00f3ch  lat zosta\u0142 wybudowany i wyko\u0144czony budynek szko\u0142y o jednej izbie  lekcyjnej i mieszkaniu dla nauczyciela.                     <\/p>\n\n\n\n<p>Z dniem <strong>1 lutego 1888 <\/strong>roku  zmieniono status szko\u0142y z filialnej na etatow\u0105. Pierwsz\u0105 kierowniczk\u0105  szko\u0142y by\u0142a Pani Jadwiga Wawrzecka, kt\u00f3ra pracowa\u0142a w Jasiennej 27 lat. <br><\/p>\n\n\n\n<p>&nbsp;&nbsp; W 1916 roku budynek szko\u0142y zosta\u0142 pokryty blach\u0105. W\n tym czasie do szko\u0142y ucz\u0119szcza\u0142o 160 uczni\u00f3w, kt\u00f3rych uczy\u0142o dw\u00f3ch \nnauczycieli. <br><\/p>\n\n\n\n<p>&nbsp; W latach 1914 &#8211; 1918 by\u0142o kilka przerw w nauce \nspowodowanych mi\u0119dzy innymi wkroczeniem wojsk rosyjskich. W czasie \ndrugiej wojny \u015bwiatowej nauka odbywa\u0142a si\u0119 normalnie, jednak przy bardzo\n niskiej frekwencji uczni\u00f3w. Przez ca\u0142y ten okres w szkole organizowane \nby\u0142o do\u017cywianie najbiedniejszych uczni\u00f3w.<\/p>\n\n\n\n<p>&nbsp; Po wojnie nauka odbywa\u0142a si\u0119 w jednej sali lekcyjnej\n w szkole, czterech wynaj\u0119tych w domach prywatnych i dw\u00f3ch wynaj\u0119tych od\n K\u00f3\u0142ka Rolniczego. Dlatego budowa nowego budynku szko\u0142y sta\u0142a si\u0119 piln\u0105 \nkonieczno\u015bci\u0105. Prace przy budowie nowej szko\u0142y rozpocz\u0119to w <strong>kwietniu 1965 roku<\/strong> i przy du\u017cym wk\u0142adzie pracy spo\u0142ecznej mieszka\u0144c\u00f3w wsi uko\u0144czono w <strong>lutym 1967 roku<\/strong>. W <strong>1973 roku<\/strong> szko\u0142a otrzyma\u0142a imi\u0119 Miko\u0142aja Kopernika. <\/p>\n","protected":false},"excerpt":{"rendered":"<p>Zarys historii szkolnictwa w Jasiennej wed\u0142ug kronik . Dzieje szkolnictwa w Jasiennej rozpoczynaj\u0105 si\u0119 od dnia 13 sierpnia 1885 roku kiedy to na pro\u015bb\u0119 mieszka\u0144c\u00f3w wsi Wysoka Rada Szkolna Krajowa wy\u0142\u0105czy\u0142a gmin\u0119 Jasienn\u0105 ze zwi\u0105zku szkolnego w Lipnicy Wielkiej i za\u0142o\u017cy\u0142a w Jasiennej szko\u0142\u0119 filialn\u0105. Dzieci uczy\u0142y si\u0119 w\u00f3wczas w wynaj\u0119tym pomieszczeniu w domu Pana [&hellip;]<\/p>\n","protected":false},"author":1,"featured_media":0,"parent":0,"menu_order":0,"comment_status":"closed","ping_status":"closed","template":"","meta":{"footnotes":""},"_links":{"self":[{"href":"https:\/\/spjasienna.stream\/index.php?rest_route=\/wp\/v2\/pages\/24"}],"collection":[{"href":"https:\/\/spjasienna.stream\/index.php?rest_route=\/wp\/v2\/pages"}],"about":[{"href":"https:\/\/spjasienna.stream\/index.php?rest_route=\/wp\/v2\/types\/page"}],"author":[{"embeddable":true,"href":"https:\/\/spjasienna.stream\/index.php?rest_route=\/wp\/v2\/users\/1"}],"replies":[{"embeddable":true,"href":"https:\/\/spjasienna.stream\/index.php?rest_route=%2Fwp%2Fv2%2Fcomments&post=24"}],"version-history":[{"count":2,"href":"https:\/\/spjasienna.stream\/index.php?rest_route=\/wp\/v2\/pages\/24\/revisions"}],"predecessor-version":[{"id":93,"href":"https:\/\/spjasienna.stream\/index.php?rest_route=\/wp\/v2\/pages\/24\/revisions\/93"}],"wp:attachment":[{"href":"https:\/\/spjasienna.stream\/index.php?rest_route=%2Fwp%2Fv2%2Fmedia&parent=24"}],"curies":[{"name":"wp","href":"https:\/\/api.w.org\/{rel}","templated":true}]}}