{"id":27,"date":"2019-02-02T18:09:21","date_gmt":"2019-02-02T18:09:21","guid":{"rendered":"http:\/\/spjasienna.net.pl\/?page_id=27"},"modified":"2019-05-23T16:28:31","modified_gmt":"2019-05-23T16:28:31","slug":"komunikaty","status":"publish","type":"page","link":"https:\/\/spjasienna.stream\/?page_id=27","title":{"rendered":"Komunikaty"},"content":{"rendered":"\n<p><strong>Rekrutacja uzupe\u0142niaj\u0105ca do oddzia\u0142u przedszkolnego.<\/strong><\/p>\n\n\n\n<p>Terminy w post\u0119powaniu rekrutacyjnym.<\/p>\n\n\n\n<p> Z\u0142o\u017cenie wniosku o przyj\u0119cie do oddzia\u0142u przedszkolnego w publicznej  szkole podstawowej wraz z dokumentami potwierdzaj\u0105cymi spe\u0142nienie przez  kandydata kryteri\u00f3w branych pod uwag\u0119 w post\u0119powaniu rekrutacyjnym.                                                                                                                    <strong>17 maja 2019 r. &#8211; 23 maja 2019 r. do godz. 15.00 <\/strong><\/p>\n\n\n\n<h4 class=\"wp-block-heading\">Rekrutacja do oddzia\u0142u przedszkolnego i do klasy pierwszej 2019\/2020<br><\/h4>\n\n\n\n<p>Terminy w post\u0119powaniu rekrutacyjnym.<\/p>\n\n\n\n<p>Z\u0142o\u017cenie wniosku o przyj\u0119cie do oddzia\u0142u przedszkolnego w publicznej szkole podstawowej wraz z dokumentami potwierdzaj\u0105cymi spe\u0142nienie przez kandydata kryteri\u00f3w branych pod uwag\u0119 w post\u0119powaniu rekrutacyjnym.                                                                                                                     1 marca 2019 r. &#8211; 15 marca 2019 r. do godz. 15.00<\/p>\n","protected":false},"excerpt":{"rendered":"<p>Rekrutacja uzupe\u0142niaj\u0105ca do oddzia\u0142u przedszkolnego. Terminy w post\u0119powaniu rekrutacyjnym. Z\u0142o\u017cenie wniosku o przyj\u0119cie do oddzia\u0142u przedszkolnego w publicznej szkole podstawowej wraz z dokumentami potwierdzaj\u0105cymi spe\u0142nienie przez kandydata kryteri\u00f3w branych pod uwag\u0119 w post\u0119powaniu rekrutacyjnym. 17 maja 2019 r. &#8211; 23 maja 2019 r. do godz. 15.00 Rekrutacja do oddzia\u0142u przedszkolnego i do klasy pierwszej 2019\/2020 [&hellip;]<\/p>\n","protected":false},"author":1,"featured_media":0,"parent":0,"menu_order":0,"comment_status":"closed","ping_status":"closed","template":"","meta":{"footnotes":""},"_links":{"self":[{"href":"https:\/\/spjasienna.stream\/index.php?rest_route=\/wp\/v2\/pages\/27"}],"collection":[{"href":"https:\/\/spjasienna.stream\/index.php?rest_route=\/wp\/v2\/pages"}],"about":[{"href":"https:\/\/spjasienna.stream\/index.php?rest_route=\/wp\/v2\/types\/page"}],"author":[{"embeddable":true,"href":"https:\/\/spjasienna.stream\/index.php?rest_route=\/wp\/v2\/users\/1"}],"replies":[{"embeddable":true,"href":"https:\/\/spjasienna.stream\/index.php?rest_route=%2Fwp%2Fv2%2Fcomments&post=27"}],"version-history":[{"count":5,"href":"https:\/\/spjasienna.stream\/index.php?rest_route=\/wp\/v2\/pages\/27\/revisions"}],"predecessor-version":[{"id":78,"href":"https:\/\/spjasienna.stream\/index.php?rest_route=\/wp\/v2\/pages\/27\/revisions\/78"}],"wp:attachment":[{"href":"https:\/\/spjasienna.stream\/index.php?rest_route=%2Fwp%2Fv2%2Fmedia&parent=27"}],"curies":[{"name":"wp","href":"https:\/\/api.w.org\/{rel}","templated":true}]}}