{"id":746,"date":"2020-12-22T14:26:55","date_gmt":"2020-12-22T14:26:55","guid":{"rendered":"http:\/\/spjasienna.net.pl\/?page_id=746"},"modified":"2025-03-17T16:57:37","modified_gmt":"2025-03-17T16:57:37","slug":"deklaracja-dostepnosci","status":"publish","type":"page","link":"https:\/\/spjasienna.stream\/?page_id=746","title":{"rendered":"Deklaracja Dost\u0119pno\u015bci"},"content":{"rendered":"\n<h2 class=\"wp-block-heading\" id=\"ally-deklaracja\">Deklaracja dost\u0119pno\u015bci Szko\u0142y Podstawowej im. Miko\u0142aja Kopernika w JASIENNEJ <\/h2>\n\n\n\n<p id=\"ally-wstep\"><span id=\"ally-podmiot\">Deklaracja dost\u0119pno\u015bci Szko\u0142y Podstawowej im. Miko\u0142aja Kopernika w Jasiennej<\/span> zobowi\u0105zuje si\u0119 zapewni\u0107 dost\u0119pno\u015b\u0107 swojej strony internetowej zgodnie z przepisami ustawy z dnia 4 kwietnia 2019 r. o dost\u0119pno\u015bci cyfrowej stron internetowych i aplikacji mobilnych podmiot\u00f3w publicznych. O\u015bwiadczenie w sprawie dost\u0119pno\u015bci ma zastosowanie do strony internetowej <a id=\"ally-url\" href=\"https:\/\/spjasienna.stream\">niniejszej plac\u00f3wki.<\/a><br><\/p>\n\n\n\n<ul>\n<li>Data publikacji strony internetowej: <time id=\"ally-data-publikacja\" datetime=\"2019-01-21\">2019-01-21<\/time>\n\t<\/li>\n\n\n\n<li>Data ostatniej istotnej aktualizacji: <time id=\"aktualizacja\" datetime=\"2020-12-22\">2020-12-22<\/time><\/li>\n\n\n\n<li>Data ostatniej aktualizacji: 2025-03-17<\/li>\n<\/ul>\n\n\n\n<h3 class=\"wp-block-heading\">Status pod wzgl\u0119dem zgodno\u015bci z ustaw\u0105<\/h3>\n\n\n\n<p> Strona internetowa jest <strong id=\"ally-status\">cz\u0119\u015bciowo zgodna<\/strong> z ustaw\u0105 o pos\u0119pno\u015bci cyfrowej stron internetowych i aplikacji mobilnych podmiot\u00f3w publicznych z powodu niezgodno\u015bci lub wy\u0142\u0105cze\u0144 wymienionych poni\u017cej. <\/p>\n\n\n\n<ul>\n<li>  Filmy nie posiadaj\u0105 napis\u00f3w dla os\u00f3b g\u0142uchych, niekt\u00f3re zdj\u0119cia z wydarze\u0144 nie posiadaj\u0105 pe\u0142nych opis\u00f3w alternatywnych, mapy s\u0105 wy\u0142\u0105czone z obowi\u0105zku zapewniania dost\u0119pno\u015bci, dokumenty w PDF nie s\u0105 dokumentami edytowalnymi, cz\u0119\u015b\u0107 plik\u00f3w nie jest dost\u0119pnych cyfrowo. <\/li>\n<\/ul>\n\n\n\n<h3 class=\"wp-block-heading\">Informacje dodatkowe<\/h3>\n\n\n\n<ul>\n<li>Narz\u0119dzie u\u0142atwie\u0144 dost\u0119pu (widoczny obrazek po lewej stronie przy poruszaniu si\u0119 po witrynie) a w nim:\n\t\tpodwy\u017cszony kontrast, mo\u017cliwo\u015b\u0107 powi\u0119kszenia liter, pod\u015bwietlane linki, podkre\u015blone linki, skala szaro\u015bci, jasne\n\t\tt\u0142o.\n\t\tNa stronie internetowej mo\u017cna u\u017cywa\u0107 standardowych skr\u00f3t\u00f3w klawiaturowych przegl\u0105darki.<\/li>\n<\/ul>\n\n\n\n<h3 class=\"wp-block-heading\"> Przygotowanie deklaracji w sprawie dost\u0119pno\u015bci<\/h3>\n\n\n\n<ul>\n<li>Deklaracj\u0119 sporz\u0105dzono dnia: <time id=\"ally-data-sporzadzenie\" datetime=\"2020-12-22\">2020-12-22<time><\/time>\n<\/time><\/li>\n<\/ul>\n\n\n\n<p>Deklaracj\u0119 sporz\u0105dzono na podstawie samooceny przeprowadzonej przez pracownika Szko\u0142y Podstawowej im. Miko\u0142aja\n\tKopernika w Jasiennej.<br><\/p>\n\n\n\n<h2 class=\"wp-block-heading\" id=\"ally-kontakt\">Kontakt i informacje zwrotne<\/h2>\n\n\n\n<ul>\n<li>W przypadku problem\u00f3w z dost\u0119pno\u015bci\u0105 strony internetowej prosimy o kontakt. Osob\u0105 kontaktow\u0105 jest: <span id=\"ally-osoba\">Grzegorz Kozakowski  : <span id=\"ally-email\">e-mail:sp_jasienna@<\/span><\/span>korzenna.pl<\/li>\n\n\n\n<li>telefon:<span id=\"ally-telefon\">184417030<\/span><\/li>\n<\/ul>\n\n\n\n<p id=\"ally-procedura\"><\/p>\n\n\n\n<h3 class=\"wp-block-heading\">Procedura wnioskowo-skargowa:<p><\/p><\/h3>\n\n\n\n<ul>\n<li>Ka\u017cdy ma prawo do wyst\u0105pienia z \u017c\u0105daniem zapewnienia dost\u0119pno\u015bci cyfrowej strony internetowej, aplikacji mobilnej\n\t\tlub jakiego\u015b ich elementu.\n\t\tMo\u017cna tak\u017ce za\u017c\u0105da\u0107 udost\u0119pnienia informacji za pomoc\u0105 alternatywnego sposobu dost\u0119pu, na przyk\u0142ad przez\n\t\todczytanie niedost\u0119pnego cyfrowo dokumentu, opisanie zawarto\u015bci filmu bez audiodeskrypcji itp.\n\t\t\u017b\u0105danie powinno zawiera\u0107 dane osoby zg\u0142aszaj\u0105cej \u017c\u0105danie, wskazanie, o kt\u00f3r\u0105 stron\u0119 internetow\u0105 lub aplikacj\u0119\n\t\tmobiln\u0105 chodzi oraz spos\u00f3b kontaktu.\n\t\tJe\u017celi osoba \u017c\u0105daj\u0105ca zg\u0142asza potrzeb\u0119 otrzymania informacji za pomoc\u0105 alternatywnego sposobu dost\u0119pu, powinna\n\t\ttak\u017ce okre\u015bli\u0107 dogodny dla niej spos\u00f3b przedstawienia tej informacji.\n\t\tPodmiot publiczny powinien zrealizowa\u0107 \u017c\u0105danie niezw\u0142ocznie, nie p\u00f3\u017aniej ni\u017c w ci\u0105gu 7 dni od dnia wyst\u0105pienia z\n\t\t\u017c\u0105daniem.\n\t\tJe\u017celi dotrzymanie tego terminu nie jest mo\u017cliwe, podmiot publiczny niezw\u0142ocznie informuje o tym wnosz\u0105cego\n\t\t\u017c\u0105danie, kiedy realizacja \u017c\u0105dania b\u0119dzie mo\u017cliwa, przy czym termin ten nie mo\u017ce by\u0107 d\u0142u\u017cszy ni\u017c 2 miesi\u0105ce od\n\t\tdnia wyst\u0105pienia z \u017c\u0105daniem.\n\t\tJe\u017celi zapewnienie dost\u0119pno\u015bci cyfrowej nie jest mo\u017cliwe, podmiot publiczny mo\u017ce zaproponowa\u0107 alternatywny\n\t\tspos\u00f3b dost\u0119pu do informacji.\n\t\tW przypadku, gdy podmiot publiczny odm\u00f3wi realizacji \u017c\u0105dania zapewnienia dost\u0119pno\u015bci lub alternatywnego sposobu\n\t\tdost\u0119pu do informacji, wnosz\u0105cy \u017c\u0105danie mo\u017cne z\u0142o\u017cy\u0107 skarg\u0119 w sprawie zapewniana dost\u0119pno\u015bci cyfrowej strony\n\t\tinternetowej,\n\t\taplikacji mobilnej lub elementu strony internetowej, lub aplikacji mobilnej.\n\t\tPo wyczerpaniu wskazanej wy\u017cej procedury mo\u017cna tak\u017ce z\u0142o\u017cy\u0107 wniosek do Rzecznika Praw Obywatelskich.\n\t<\/li>\n\n\n\n<li>\n<\/li>\n\n\n\n<li> e-mail:www.rpo.gov.pl<\/li>\n<\/ul>\n\n\n\n<h2 class=\"wp-block-heading\" id=\"ally-architektura\">Dost\u0119pno\u015b\u0107 architektoniczna<\/h2>\n\n\n\n<p> Przy wej\u015bciu g\u0142\u00f3wnym do szko\u0142y znajduje si\u0119 podjazd dla os\u00f3b z niepe\u0142nosprawno\u015bci\u0105 ruchow\u0105. Nad wej\u015bciami nie ma g\u0142o\u015bnik\u00f3w systemu naprowadzaj\u0105cego d\u017awi\u0119kowo osoby niewidome i s\u0142abowidz\u0105ce. Na terenie szko\u0142y s\u0105 miejsca parkingowe, w tym miejsce oznakowane dla os\u00f3b niepe\u0142nosprawnych. Osobami oddelegowanymi do udzielania informacji przy wej\u015bciu g\u0142\u00f3wnym s\u0105 pracownicy obs\u0142ugi. W budynku na ka\u017cdym poziomie (parter, 1 pi\u0119tro i piwnica) znajduje si\u0119 korytarz. Budynek nie posiada wind. W budynku s\u0105 cz\u0119\u015bciowe dostosowania dla os\u00f3b niepe\u0142nosprawnych (toalety). Do szko\u0142y mo\u017ce wej\u015b\u0107 osoba z psem asystuj\u0105cym i psem przewodnikiem. W szkole nie ma mo\u017cliwo\u015bci skorzystania z t\u0142umacza j\u0119zyka migowego. Przy wej\u015bciu do szko\u0142y i na parterze znajduj\u0105 si\u0119 informacje w alfabecie Braille&#8217;a.<\/p>\n\n\n\n<p><\/p>\n","protected":false},"excerpt":{"rendered":"<p>Deklaracja dost\u0119pno\u015bci Szko\u0142y Podstawowej im. Miko\u0142aja Kopernika w JASIENNEJ Deklaracja dost\u0119pno\u015bci Szko\u0142y Podstawowej im. Miko\u0142aja Kopernika w Jasiennej zobowi\u0105zuje si\u0119 zapewni\u0107 dost\u0119pno\u015b\u0107 swojej strony internetowej zgodnie z przepisami ustawy z dnia 4 kwietnia 2019 r. o dost\u0119pno\u015bci cyfrowej stron internetowych i aplikacji mobilnych podmiot\u00f3w publicznych. O\u015bwiadczenie w sprawie dost\u0119pno\u015bci ma zastosowanie do strony internetowej niniejszej [&hellip;]<\/p>\n","protected":false},"author":1,"featured_media":0,"parent":0,"menu_order":0,"comment_status":"closed","ping_status":"closed","template":"","meta":{"footnotes":""},"_links":{"self":[{"href":"https:\/\/spjasienna.stream\/index.php?rest_route=\/wp\/v2\/pages\/746"}],"collection":[{"href":"https:\/\/spjasienna.stream\/index.php?rest_route=\/wp\/v2\/pages"}],"about":[{"href":"https:\/\/spjasienna.stream\/index.php?rest_route=\/wp\/v2\/types\/page"}],"author":[{"embeddable":true,"href":"https:\/\/spjasienna.stream\/index.php?rest_route=\/wp\/v2\/users\/1"}],"replies":[{"embeddable":true,"href":"https:\/\/spjasienna.stream\/index.php?rest_route=%2Fwp%2Fv2%2Fcomments&post=746"}],"version-history":[{"count":2,"href":"https:\/\/spjasienna.stream\/index.php?rest_route=\/wp\/v2\/pages\/746\/revisions"}],"predecessor-version":[{"id":1530,"href":"https:\/\/spjasienna.stream\/index.php?rest_route=\/wp\/v2\/pages\/746\/revisions\/1530"}],"wp:attachment":[{"href":"https:\/\/spjasienna.stream\/index.php?rest_route=%2Fwp%2Fv2%2Fmedia&parent=746"}],"curies":[{"name":"wp","href":"https:\/\/api.w.org\/{rel}","templated":true}]}}